{"id":2144,"date":"2019-01-28T15:10:33","date_gmt":"2019-01-28T14:10:33","guid":{"rendered":"https:\/\/www.onlineprocurement.com\/privacy-policy\/"},"modified":"2025-04-03T15:34:46","modified_gmt":"2025-04-03T13:34:46","slug":"privacy-policy-es","status":"publish","type":"page","link":"https:\/\/www.onlineprocurement.com\/es\/privacy-policy-es\/","title":{"rendered":"Privacy Policy"},"content":{"rendered":"<div class=\"fusion-fullwidth fullwidth-box fusion-builder-row-1 fusion-flex-container has-pattern-background has-mask-background nonhundred-percent-fullwidth non-hundred-percent-height-scrolling\" style=\"--awb-border-radius-top-left:0px;--awb-border-radius-top-right:0px;--awb-border-radius-bottom-right:0px;--awb-border-radius-bottom-left:0px;--awb-padding-top:40px;--awb-flex-wrap:wrap;\" ><div class=\"fusion-builder-row fusion-row fusion-flex-align-items-flex-start fusion-flex-content-wrap\" style=\"max-width:1248px;margin-left: calc(-4% \/ 2 );margin-right: calc(-4% \/ 2 );\"><div class=\"fusion-layout-column fusion_builder_column fusion-builder-column-0 fusion_builder_column_1_1 1_1 fusion-flex-column\" style=\"--awb-bg-size:cover;--awb-width-large:100%;--awb-margin-top-large:0px;--awb-spacing-right-large:1.92%;--awb-margin-bottom-large:20px;--awb-spacing-left-large:1.92%;--awb-width-medium:100%;--awb-order-medium:0;--awb-spacing-right-medium:1.92%;--awb-spacing-left-medium:1.92%;--awb-width-small:100%;--awb-order-small:0;--awb-spacing-right-small:1.92%;--awb-spacing-left-small:1.92%;\"><div class=\"fusion-column-wrapper fusion-column-has-shadow fusion-flex-justify-content-flex-start fusion-content-layout-column\"><div class=\"fusion-title title fusion-title-1 fusion-sep-none fusion-title-text fusion-title-size-one\" style=\"--awb-margin-top-small:10px;--awb-margin-right-small:0px;--awb-margin-bottom-small:10px;--awb-margin-left-small:0px;\"><h1 class=\"fusion-title-heading title-heading-left\" style=\"margin:0;\">Privacy Policy<\/h1><\/div><div class=\"fusion-text fusion-text-1\"><p>Esta secci\u00f3n del sitio web ilustra las pol\u00edticas de un DigitalPA S.r.l. (bajo el GDPR \u2013 Reglamento General de Protecci\u00f3n de Datos \u2013 2016\/679) con respecto al procesamiento de datos personales recopilados durante la navegaci\u00f3n en el portal. La circular de informaci\u00f3n se proporciona solo para el portal administrado por DigitalPA S.r.l. y no para otros sitios web que el usuario pueda visitar a trav\u00e9s de enlaces. La informaci\u00f3n tambi\u00e9n se basa en la Recomendaci\u00f3n n. 2\/2001 que las autoridades europeas para la protecci\u00f3n de datos personales, reunidas en el Grupo establecido por el art. 29 de la directiva n. 95\/46 \/ CE, adoptada el 17 de mayo de 2001 para identificar ciertos requisitos m\u00ednimos para la recopilaci\u00f3n de datos personales en l\u00ednea y, en particular, para identificar m\u00e9todos, tiempo y naturaleza de la informaci\u00f3n que el controlador de datos debe proporcionar a los usuarios cuando conectarse a p\u00e1ginas web, independientemente del prop\u00f3sito de la conexi\u00f3n.<\/p>\n<p><strong>CONTROLADOR DE DATOS<\/strong><\/p>\n<p>El controlador de datos es DigitalPA Srl con su domicilio social en Cagliari a trav\u00e9s de San Tommaso d\u2019Aquino 18A, y se puede contactar en la direcci\u00f3n: info@digitalpa.it<\/p>\n<p><strong>LUGAR DE PROCESAMIENTO DE DATOS.<\/strong><\/p>\n<p>El procesamiento de datos relacionados con los servicios web de esta plataforma tiene lugar en DigitalPA S.r.l. la sede central y solo son manejados por el personal t\u00e9cnico de la Autoridad a cargo del procesamiento de datos, o por personas a cargo de operaciones de mantenimiento ocasionales o por agentes externos.<br \/>\nNo se comunican ni divulgan datos del servicio web.<br \/>\nLos datos personales proporcionados por los usuarios que solicitan material informativo (consultas, noticias, llamadas, etc.) o servicios en general se utilizan solo para realizar el servicio institucional o para cumplir con la solicitud y se divulgan a terceros solo si es estrictamente necesario para esto. prop\u00f3sito.<\/p>\n<p><strong>TIPOS DE DATOS PROCESADOS.<\/strong><\/p>\n<p><em>Datos de navegaci\u00f3n<\/em><\/p>\n<p>El sistema inform\u00e1tico y los procedimientos de software utilizados para operar este portal adquieren, durante su funcionamiento normal, algunos datos personales cuya transmisi\u00f3n est\u00e1 impl\u00edcita en el uso de protocolos de comunicaci\u00f3n de Internet.<br \/>\nEsta informaci\u00f3n no se recopila para identificar a los usuarios, pero debido a su propia naturaleza podr\u00eda, a trav\u00e9s del procesamiento y la asociaci\u00f3n con los datos en poder de terceros, permitir la identificaci\u00f3n de los usuarios.<br \/>\nEsta categor\u00eda de datos incluye direcciones IP o nombres de dominio de las computadoras utilizadas por los usuarios que se conectan al portal; las direcciones de los recursos solicitados; la hora de la solicitud y el m\u00e9todo utilizado para enviar la solicitud al servidor; el tama\u00f1o del archivo obtenido en respuesta; el c\u00f3digo num\u00e9rico que indica el estado de la respuesta dada al servidor (\u00e9xito, error, etc.) y otros par\u00e1metros relacionados con el sistema operativo y el entorno inform\u00e1tico del usuario final.<\/p>\n<p><em>Datos proporcionados voluntariamente por el usuario.<\/em><\/p>\n<p>El env\u00edo opcional, expl\u00edcito y voluntario de correos electr\u00f3nicos a las direcciones indicadas en esta plataforma implica la adquisici\u00f3n posterior de la direcci\u00f3n del remitente, necesaria para responder a las solicitudes, as\u00ed como cualquier otro dato personal incluido en el mensaje.<br \/>\nCabe se\u00f1alar que los datos personales y \/ o comerciales incluidos en los formularios de esta plataforma est\u00e1n protegidos por DigitalPA S.r.l. y se utiliza para responder a las preguntas del usuario, para proporcionar la informaci\u00f3n solicitada o para contactar al usuario.<br \/>\nLos documentos de informaci\u00f3n resumida espec\u00edficos se informar\u00e1n o mostrar\u00e1n progresivamente en las p\u00e1ginas del portal preparadas para servicios particulares a pedido.<\/p>\n<p><strong>COOKIES.<\/strong><\/p>\n<p>El portal no adquiere impl\u00edcitamente ning\u00fan dato personal del usuario.<br \/>\nLas cookies no se utilizan para transmitir informaci\u00f3n personal, ni las cookies persistentes se utilizan para rastrear a los usuarios.<br \/>\nSolo se utilizan cookies t\u00e9cnicas que no permiten la creaci\u00f3n de perfiles o la identificaci\u00f3n de personas f\u00edsicas. La \u00fanica cookie persistente que se utiliza permite al usuario personalizar su navegaci\u00f3n por el portal, por lo que no tiene que tomar esa decisi\u00f3n cada vez que accede al portal.<br \/>\nEl uso de cookies de sesi\u00f3n (que no se almacenan permanentemente en la computadora del usuario y desaparecen cuando se cierra el navegador) est\u00e1 estrictamente limitado a la transmisi\u00f3n de identificadores de sesi\u00f3n (que consisten en n\u00fameros aleatorios generados por el servidor) necesarios para permitir una exploraci\u00f3n segura y eficiente de la plataforma.<\/p>\n<p><em><strong>Google reCAPTCHA<\/strong><\/em><\/p>\n<p>Este sitio web utiliza el servicio \u201cGoogle reCAPTCHA\u201d, un servicio dise\u00f1ado para prevenir o disuadir el env\u00edo de comentarios o mensajes spam por parte de usuarios o spambots.<br \/>\nEl uso de esta tecnolog\u00eda implica la instalaci\u00f3n de cookies (_GRECAPTCHA non-profiling) de la tercera empresa, Google Inc. Sin embargo, el sitio no comparte ninguna informaci\u00f3n de navegaci\u00f3n ni datos del usuario. Tambi\u00e9n es posible consultar la pol\u00edtica de privacidad dirigida a los Usuarios haciendo clic\u00a0<a href=\"https:\/\/policies.google.com\/privacy?hl=es\" target=\"_blank\" rel=\"noopener\">aqu\u00ed<\/a>. (Cookie duraci\u00f3n 90 d\u00edas)<\/p>\n<p><strong>OPCIONALIDAD DE SUMINISTRO DE DATOS.<\/strong><\/p>\n<p>Adem\u00e1s de lo que se especifica para los datos de navegaci\u00f3n o lo que se puede especificar en relaci\u00f3n con procesamientos particulares dentro de los diversos servicios ofrecidos en el portal, el usuario es libre de proporcionar datos personales contenidos en sus formularios de solicitud.<br \/>\nSi no se proporcionan dichos datos, puede ser imposible obtener lo que se ha solicitado.<\/p>\n<p><strong>PROCEDIMIENTOS DE PROCESAMIENTO DE DATOS.<\/strong><\/p>\n<p>Los datos personales se procesan con herramientas automatizadas durante el tiempo estrictamente necesario para lograr los fines para los que se recopilaron.<br \/>\nSe observan medidas de seguridad espec\u00edficas para evitar la p\u00e9rdida de datos, el uso il\u00edcito o incorrecto y el acceso no autorizado.<\/p>\n<p><strong>DERECHOS DE LA PERSONA PREOCUPADA.<\/strong><\/p>\n<p>Las personas a las que se refieren los datos personales tienen derecho en cualquier momento:<\/p>\n<ol>\n<li>para acceder a datos personales;<\/li>\n<li>para obtener la correcci\u00f3n o cancelaci\u00f3n de datos, o la limitaci\u00f3n del procesamiento que les concierne;<\/li>\n<li>oponerse al procesamiento;<\/li>\n<li>a la portabilidad de datos;<\/li>\n<li>revocar el consentimiento, cuando se disponga: la retirada del consentimiento no afecta la legalidad del procesamiento basado en el consentimiento otorgado antes de la revocaci\u00f3n;<\/li>\n<li>proponer una queja a la autoridad supervisora (garante de privacidad).<\/li>\n<\/ol>\n<p>Las solicitudes deben enviarse a la siguiente direcci\u00f3n:<strong>\u00a0DigitalPA S.r.l. \u2013 via S. Tommaso d\u2019Aquino 18\/A, 09134 Cagliari (CA).<\/strong><\/p>\n<p>El \u201cOficial de Protecci\u00f3n de Datos\u201d a quien el usuario puede solicitar ejercer los derechos a que se refiere el art. 13 y \/ o para cualquier aclaraci\u00f3n sobre la protecci\u00f3n de datos personales, disponible en:privacy[AT] digitalpa.it.<\/p>\n<\/div><\/div><\/div><\/div><\/div>\n","protected":false},"excerpt":{"rendered":"","protected":false},"author":2,"featured_media":5758,"parent":0,"menu_order":0,"comment_status":"closed","ping_status":"closed","template":"100-width.php","meta":{"footnotes":""},"class_list":["post-2144","page","type-page","status-publish","has-post-thumbnail","hentry"],"yoast_head":"<!-- This site is optimized with the Yoast SEO Premium plugin v27.4 (Yoast SEO v27.4) - https:\/\/yoast.com\/product\/yoast-seo-premium-wordpress\/ -->\n<title>Software de Online Procurement | Pol\u00edtica de privacidad y cookies<\/title>\n<meta name=\"description\" content=\"Todos los detalles de la Pol\u00edtica de Privacidad y Cookies del sitio web de Online Procurement, la innovadora soluci\u00f3n de software Source-to-Pay.\" \/>\n<meta name=\"robots\" content=\"index, follow, max-snippet:-1, max-image-preview:large, max-video-preview:-1\" \/>\n<link rel=\"canonical\" href=\"https:\/\/www.onlineprocurement.com\/es\/privacy-policy-es\/\" \/>\n<meta property=\"og:locale\" content=\"es_ES\" \/>\n<meta property=\"og:type\" content=\"article\" \/>\n<meta property=\"og:title\" content=\"Privacy Policy\" \/>\n<meta property=\"og:description\" content=\"Todos los detalles de la Pol\u00edtica de Privacidad y Cookies del sitio web de Online Procurement, la innovadora soluci\u00f3n de software Source-to-Pay.\" \/>\n<meta property=\"og:url\" content=\"https:\/\/www.onlineprocurement.com\/es\/privacy-policy-es\/\" \/>\n<meta property=\"og:site_name\" content=\"Online Procurement | eProcurement Software Suite\" \/>\n<meta property=\"article:modified_time\" content=\"2025-04-03T13:34:46+00:00\" \/>\n<meta property=\"og:image\" content=\"https:\/\/www.onlineprocurement.com\/wp-content\/uploads\/2021\/07\/supplier-portal-sicurezza-usabilita.jpg\" \/>\n\t<meta property=\"og:image:width\" content=\"756\" \/>\n\t<meta property=\"og:image:height\" content=\"300\" \/>\n\t<meta property=\"og:image:type\" content=\"image\/jpeg\" \/>\n<meta name=\"twitter:card\" content=\"summary_large_image\" \/>\n<meta name=\"twitter:label1\" content=\"Tiempo de lectura\" \/>\n\t<meta name=\"twitter:data1\" content=\"6 minutos\" \/>\n<script type=\"application\/ld+json\" class=\"yoast-schema-graph\">{\"@context\":\"https:\\\/\\\/schema.org\",\"@graph\":[{\"@type\":\"WebPage\",\"@id\":\"https:\\\/\\\/www.onlineprocurement.com\\\/es\\\/privacy-policy-es\\\/\",\"url\":\"https:\\\/\\\/www.onlineprocurement.com\\\/es\\\/privacy-policy-es\\\/\",\"name\":\"Software de Online Procurement | Pol\u00edtica de privacidad y cookies\",\"isPartOf\":{\"@id\":\"https:\\\/\\\/www.onlineprocurement.com\\\/#website\"},\"primaryImageOfPage\":{\"@id\":\"https:\\\/\\\/www.onlineprocurement.com\\\/es\\\/privacy-policy-es\\\/#primaryimage\"},\"image\":{\"@id\":\"https:\\\/\\\/www.onlineprocurement.com\\\/es\\\/privacy-policy-es\\\/#primaryimage\"},\"thumbnailUrl\":\"https:\\\/\\\/www.onlineprocurement.com\\\/wp-content\\\/uploads\\\/2021\\\/07\\\/supplier-portal-sicurezza-usabilita.jpg\",\"datePublished\":\"2019-01-28T14:10:33+00:00\",\"dateModified\":\"2025-04-03T13:34:46+00:00\",\"description\":\"Todos los detalles de la Pol\u00edtica de Privacidad y Cookies del sitio web de Online Procurement, la innovadora soluci\u00f3n de software Source-to-Pay.\",\"breadcrumb\":{\"@id\":\"https:\\\/\\\/www.onlineprocurement.com\\\/es\\\/privacy-policy-es\\\/#breadcrumb\"},\"inLanguage\":\"es\",\"potentialAction\":[{\"@type\":\"ReadAction\",\"target\":[\"https:\\\/\\\/www.onlineprocurement.com\\\/es\\\/privacy-policy-es\\\/\"]}]},{\"@type\":\"ImageObject\",\"inLanguage\":\"es\",\"@id\":\"https:\\\/\\\/www.onlineprocurement.com\\\/es\\\/privacy-policy-es\\\/#primaryimage\",\"url\":\"https:\\\/\\\/www.onlineprocurement.com\\\/wp-content\\\/uploads\\\/2021\\\/07\\\/supplier-portal-sicurezza-usabilita.jpg\",\"contentUrl\":\"https:\\\/\\\/www.onlineprocurement.com\\\/wp-content\\\/uploads\\\/2021\\\/07\\\/supplier-portal-sicurezza-usabilita.jpg\",\"width\":756,\"height\":300,\"caption\":\"Portal de proveedores - Seguridad y Usabilidad\"},{\"@type\":\"BreadcrumbList\",\"@id\":\"https:\\\/\\\/www.onlineprocurement.com\\\/es\\\/privacy-policy-es\\\/#breadcrumb\",\"itemListElement\":[{\"@type\":\"ListItem\",\"position\":1,\"name\":\"Home\",\"item\":\"https:\\\/\\\/www.onlineprocurement.com\\\/es\\\/\"},{\"@type\":\"ListItem\",\"position\":2,\"name\":\"Privacy Policy\"}]},{\"@type\":\"WebSite\",\"@id\":\"https:\\\/\\\/www.onlineprocurement.com\\\/#website\",\"url\":\"https:\\\/\\\/www.onlineprocurement.com\\\/\",\"name\":\"Online Procurement | eProcurement Software Suite\",\"description\":\"Online Procurement | eProcurement Software Suite\",\"publisher\":{\"@id\":\"https:\\\/\\\/www.onlineprocurement.com\\\/#organization\"},\"potentialAction\":[{\"@type\":\"SearchAction\",\"target\":{\"@type\":\"EntryPoint\",\"urlTemplate\":\"https:\\\/\\\/www.onlineprocurement.com\\\/?s={search_term_string}\"},\"query-input\":{\"@type\":\"PropertyValueSpecification\",\"valueRequired\":true,\"valueName\":\"search_term_string\"}}],\"inLanguage\":\"es\"},{\"@type\":\"Organization\",\"@id\":\"https:\\\/\\\/www.onlineprocurement.com\\\/#organization\",\"name\":\"DigitalPA\",\"url\":\"https:\\\/\\\/www.onlineprocurement.com\\\/\",\"logo\":{\"@type\":\"ImageObject\",\"inLanguage\":\"es\",\"@id\":\"https:\\\/\\\/www.onlineprocurement.com\\\/#\\\/schema\\\/logo\\\/image\\\/\",\"url\":\"https:\\\/\\\/www.onlineprocurement.com\\\/wp-content\\\/uploads\\\/2021\\\/09\\\/logo-digitalpa-d.jpg\",\"contentUrl\":\"https:\\\/\\\/www.onlineprocurement.com\\\/wp-content\\\/uploads\\\/2021\\\/09\\\/logo-digitalpa-d.jpg\",\"width\":200,\"height\":200,\"caption\":\"DigitalPA\"},\"image\":{\"@id\":\"https:\\\/\\\/www.onlineprocurement.com\\\/#\\\/schema\\\/logo\\\/image\\\/\"}}]}<\/script>\n<!-- \/ Yoast SEO Premium plugin. -->","yoast_head_json":{"title":"Software de Online Procurement | Pol\u00edtica de privacidad y cookies","description":"Todos los detalles de la Pol\u00edtica de Privacidad y Cookies del sitio web de Online Procurement, la innovadora soluci\u00f3n de software Source-to-Pay.","robots":{"index":"index","follow":"follow","max-snippet":"max-snippet:-1","max-image-preview":"max-image-preview:large","max-video-preview":"max-video-preview:-1"},"canonical":"https:\/\/www.onlineprocurement.com\/es\/privacy-policy-es\/","og_locale":"es_ES","og_type":"article","og_title":"Privacy Policy","og_description":"Todos los detalles de la Pol\u00edtica de Privacidad y Cookies del sitio web de Online Procurement, la innovadora soluci\u00f3n de software Source-to-Pay.","og_url":"https:\/\/www.onlineprocurement.com\/es\/privacy-policy-es\/","og_site_name":"Online Procurement | eProcurement Software Suite","article_modified_time":"2025-04-03T13:34:46+00:00","og_image":[{"width":756,"height":300,"url":"https:\/\/www.onlineprocurement.com\/wp-content\/uploads\/2021\/07\/supplier-portal-sicurezza-usabilita.jpg","type":"image\/jpeg"}],"twitter_card":"summary_large_image","twitter_misc":{"Tiempo de lectura":"6 minutos"},"schema":{"@context":"https:\/\/schema.org","@graph":[{"@type":"WebPage","@id":"https:\/\/www.onlineprocurement.com\/es\/privacy-policy-es\/","url":"https:\/\/www.onlineprocurement.com\/es\/privacy-policy-es\/","name":"Software de Online Procurement | Pol\u00edtica de privacidad y cookies","isPartOf":{"@id":"https:\/\/www.onlineprocurement.com\/#website"},"primaryImageOfPage":{"@id":"https:\/\/www.onlineprocurement.com\/es\/privacy-policy-es\/#primaryimage"},"image":{"@id":"https:\/\/www.onlineprocurement.com\/es\/privacy-policy-es\/#primaryimage"},"thumbnailUrl":"https:\/\/www.onlineprocurement.com\/wp-content\/uploads\/2021\/07\/supplier-portal-sicurezza-usabilita.jpg","datePublished":"2019-01-28T14:10:33+00:00","dateModified":"2025-04-03T13:34:46+00:00","description":"Todos los detalles de la Pol\u00edtica de Privacidad y Cookies del sitio web de Online Procurement, la innovadora soluci\u00f3n de software Source-to-Pay.","breadcrumb":{"@id":"https:\/\/www.onlineprocurement.com\/es\/privacy-policy-es\/#breadcrumb"},"inLanguage":"es","potentialAction":[{"@type":"ReadAction","target":["https:\/\/www.onlineprocurement.com\/es\/privacy-policy-es\/"]}]},{"@type":"ImageObject","inLanguage":"es","@id":"https:\/\/www.onlineprocurement.com\/es\/privacy-policy-es\/#primaryimage","url":"https:\/\/www.onlineprocurement.com\/wp-content\/uploads\/2021\/07\/supplier-portal-sicurezza-usabilita.jpg","contentUrl":"https:\/\/www.onlineprocurement.com\/wp-content\/uploads\/2021\/07\/supplier-portal-sicurezza-usabilita.jpg","width":756,"height":300,"caption":"Portal de proveedores - Seguridad y Usabilidad"},{"@type":"BreadcrumbList","@id":"https:\/\/www.onlineprocurement.com\/es\/privacy-policy-es\/#breadcrumb","itemListElement":[{"@type":"ListItem","position":1,"name":"Home","item":"https:\/\/www.onlineprocurement.com\/es\/"},{"@type":"ListItem","position":2,"name":"Privacy Policy"}]},{"@type":"WebSite","@id":"https:\/\/www.onlineprocurement.com\/#website","url":"https:\/\/www.onlineprocurement.com\/","name":"Online Procurement | eProcurement Software Suite","description":"Online Procurement | eProcurement Software Suite","publisher":{"@id":"https:\/\/www.onlineprocurement.com\/#organization"},"potentialAction":[{"@type":"SearchAction","target":{"@type":"EntryPoint","urlTemplate":"https:\/\/www.onlineprocurement.com\/?s={search_term_string}"},"query-input":{"@type":"PropertyValueSpecification","valueRequired":true,"valueName":"search_term_string"}}],"inLanguage":"es"},{"@type":"Organization","@id":"https:\/\/www.onlineprocurement.com\/#organization","name":"DigitalPA","url":"https:\/\/www.onlineprocurement.com\/","logo":{"@type":"ImageObject","inLanguage":"es","@id":"https:\/\/www.onlineprocurement.com\/#\/schema\/logo\/image\/","url":"https:\/\/www.onlineprocurement.com\/wp-content\/uploads\/2021\/09\/logo-digitalpa-d.jpg","contentUrl":"https:\/\/www.onlineprocurement.com\/wp-content\/uploads\/2021\/09\/logo-digitalpa-d.jpg","width":200,"height":200,"caption":"DigitalPA"},"image":{"@id":"https:\/\/www.onlineprocurement.com\/#\/schema\/logo\/image\/"}}]}},"_links":{"self":[{"href":"https:\/\/www.onlineprocurement.com\/es\/wp-json\/wp\/v2\/pages\/2144","targetHints":{"allow":["GET"]}}],"collection":[{"href":"https:\/\/www.onlineprocurement.com\/es\/wp-json\/wp\/v2\/pages"}],"about":[{"href":"https:\/\/www.onlineprocurement.com\/es\/wp-json\/wp\/v2\/types\/page"}],"author":[{"embeddable":true,"href":"https:\/\/www.onlineprocurement.com\/es\/wp-json\/wp\/v2\/users\/2"}],"replies":[{"embeddable":true,"href":"https:\/\/www.onlineprocurement.com\/es\/wp-json\/wp\/v2\/comments?post=2144"}],"version-history":[{"count":8,"href":"https:\/\/www.onlineprocurement.com\/es\/wp-json\/wp\/v2\/pages\/2144\/revisions"}],"predecessor-version":[{"id":15141,"href":"https:\/\/www.onlineprocurement.com\/es\/wp-json\/wp\/v2\/pages\/2144\/revisions\/15141"}],"wp:featuredmedia":[{"embeddable":true,"href":"https:\/\/www.onlineprocurement.com\/es\/wp-json\/wp\/v2\/media\/5758"}],"wp:attachment":[{"href":"https:\/\/www.onlineprocurement.com\/es\/wp-json\/wp\/v2\/media?parent=2144"}],"curies":[{"name":"wp","href":"https:\/\/api.w.org\/{rel}","templated":true}]}}