{"id":2122,"date":"2015-12-15T07:37:48","date_gmt":"2015-12-15T07:37:48","guid":{"rendered":"https:\/\/www.onlineprocurement.com\/contact-us\/"},"modified":"2024-05-27T15:55:42","modified_gmt":"2024-05-27T13:55:42","slug":"contactenos","status":"publish","type":"page","link":"https:\/\/www.onlineprocurement.com\/es\/contactenos\/","title":{"rendered":"Contactos"},"content":{"rendered":"<div class=\"fusion-fullwidth fullwidth-box fusion-builder-row-1 fusion-flex-container has-pattern-background has-mask-background nonhundred-percent-fullwidth non-hundred-percent-height-scrolling\" style=\"--awb-border-radius-top-left:0px;--awb-border-radius-top-right:0px;--awb-border-radius-bottom-right:0px;--awb-border-radius-bottom-left:0px;--awb-padding-top:1%;--awb-flex-wrap:wrap;\" ><div class=\"fusion-builder-row fusion-row fusion-flex-align-items-flex-start fusion-flex-content-wrap\" style=\"max-width:1248px;margin-left: calc(-4% \/ 2 );margin-right: calc(-4% \/ 2 );\"><div class=\"fusion-layout-column fusion_builder_column fusion-builder-column-0 fusion_builder_column_2_3 2_3 fusion-flex-column\" style=\"--awb-bg-size:cover;--awb-width-large:66.666666666667%;--awb-margin-top-large:0px;--awb-spacing-right-large:2.88%;--awb-margin-bottom-large:20px;--awb-spacing-left-large:2.88%;--awb-width-medium:66.666666666667%;--awb-order-medium:0;--awb-spacing-right-medium:2.88%;--awb-spacing-left-medium:2.88%;--awb-width-small:100%;--awb-order-small:0;--awb-spacing-right-small:1.92%;--awb-spacing-left-small:1.92%;\"><div class=\"fusion-column-wrapper fusion-column-has-shadow fusion-flex-justify-content-flex-start fusion-content-layout-column\"><div class=\"fusion-title title fusion-title-1 fusion-sep-none fusion-title-text fusion-title-size-one\" style=\"--awb-margin-top-small:10px;--awb-margin-right-small:0px;--awb-margin-bottom-small:10px;--awb-margin-left-small:0px;--awb-font-size:22px;\"><h1 class=\"fusion-title-heading title-heading-left\" style=\"margin:0;font-size:1em;\">\u00bfDesea m\u00e1s informaci\u00f3n sobre Online Procurament, nuestras soluciones y servicios?<\/h1><\/div><div class=\"fusion-text fusion-text-1\"><p>P\u00f3ngase en contacto con nosotros y concierte una demostraci\u00f3n, uno de nuestros expertos estar\u00e1 a su disposici\u00f3n para entender c\u00f3mo ayudar a su organizaci\u00f3n a hacer m\u00e1s eficientes los procesos de Source to Pay.<\/p>\n<\/div>\n<div class=\"wpcf7 no-js\" id=\"wpcf7-f4591-o1\" lang=\"en-US\" dir=\"ltr\" data-wpcf7-id=\"4591\">\n<div class=\"screen-reader-response\"><p role=\"status\" aria-live=\"polite\" aria-atomic=\"true\"><\/p> <ul><\/ul><\/div>\n<form action=\"\/es\/wp-json\/wp\/v2\/pages\/2122#wpcf7-f4591-o1\" method=\"post\" class=\"wpcf7-form init\" aria-label=\"Contact form\" novalidate=\"novalidate\" data-status=\"init\">\n<fieldset class=\"hidden-fields-container\"><input type=\"hidden\" name=\"_wpcf7\" value=\"4591\" \/><input type=\"hidden\" name=\"_wpcf7_version\" value=\"6.1.5\" \/><input type=\"hidden\" name=\"_wpcf7_locale\" value=\"en_US\" \/><input type=\"hidden\" name=\"_wpcf7_unit_tag\" value=\"wpcf7-f4591-o1\" \/><input type=\"hidden\" name=\"_wpcf7_container_post\" value=\"0\" \/><input type=\"hidden\" name=\"_wpcf7_posted_data_hash\" value=\"\" \/>\n<\/fieldset>\n<p><label> *Nombre<br \/>\n<span class=\"wpcf7-form-control-wrap\" data-name=\"your-name\"><input size=\"40\" maxlength=\"400\" class=\"wpcf7-form-control wpcf7-text wpcf7-validates-as-required\" aria-required=\"true\" aria-invalid=\"false\" value=\"\" type=\"text\" name=\"your-name\" \/><\/span> <\/label>\n<\/p>\n<p><label> *Apellido<br \/>\n<span class=\"wpcf7-form-control-wrap\" data-name=\"your-last-name\"><input size=\"40\" maxlength=\"400\" class=\"wpcf7-form-control wpcf7-text wpcf7-validates-as-required\" aria-required=\"true\" aria-invalid=\"false\" value=\"\" type=\"text\" name=\"your-last-name\" \/><\/span> <\/label>\n<\/p>\n<p><label>*Organizaci\u00f3n<br \/>\n<span class=\"wpcf7-form-control-wrap\" data-name=\"company\"><input size=\"40\" maxlength=\"400\" class=\"wpcf7-form-control wpcf7-text wpcf7-validates-as-required\" aria-required=\"true\" aria-invalid=\"false\" value=\"\" type=\"text\" name=\"company\" \/><\/span> <\/label>\n<\/p>\n<p><label> *Correo electr\u00f3nico<br \/>\n<span class=\"wpcf7-form-control-wrap\" data-name=\"your-email\"><input size=\"40\" maxlength=\"400\" class=\"wpcf7-form-control wpcf7-email wpcf7-validates-as-required wpcf7-text wpcf7-validates-as-email\" aria-required=\"true\" aria-invalid=\"false\" value=\"\" type=\"email\" name=\"your-email\" \/><\/span> <\/label>\n<\/p>\n<p><label> *Tel\u00e9fono<br \/>\n<span class=\"wpcf7-form-control-wrap intl_tel-587\"><input class=\"wpcf7-form-control wpcf7-intl_tel wpcf7-validates-as-required wpcf7-intl-tel\" aria-required=\"true\" aria-invalid=\"false\" size=\"40\" data-initialcountry=\"es\" value=\"\" type=\"tel\" name=\"intl_tel-587-cf7it-national\" \/><input name=\"intl_tel-587\" type=\"hidden\" class=\"wpcf7-intl-tel-full\" \/><input type=\"hidden\" name=\"intl_tel-587-cf7it-country-name\" class=\"wpcf7-intl-tel-country-name\" \/><input type=\"hidden\" name=\"intl_tel-587-cf7it-country-code\" class=\"wpcf7-intl-tel-country-code\" \/><input type=\"hidden\" name=\"intl_tel-587-cf7it-country-iso2\" class=\"wpcf7-intl-tel-country-iso2\" \/><\/span> <\/label>\n<\/p>\n<p><label> *Mensaje<br \/>\n<span class=\"wpcf7-form-control-wrap\" data-name=\"your-message\"><textarea cols=\"40\" rows=\"10\" maxlength=\"2000\" class=\"wpcf7-form-control wpcf7-textarea wpcf7-validates-as-required\" aria-required=\"true\" aria-invalid=\"false\" name=\"your-message\"><\/textarea><\/span> <\/label>\n<\/p>\n<p>&nbsp;\n<\/p>\n<p><label><span class=\"wpcf7-form-control-wrap\" data-name=\"InformativaPrivacy\"><span class=\"wpcf7-form-control wpcf7-acceptance\"><span class=\"wpcf7-list-item\"><input type=\"checkbox\" name=\"InformativaPrivacy\" value=\"1\" aria-invalid=\"false\" \/><\/span><\/span><\/span> He le\u00eddo <a href=\"\/es\/privacy-policy\/\" target=\"_blank\">la Pol\u00edtica de Privacidad<\/a><\/label> y consiento el tratamiento de mis datos personales para los fines de la informaci\u00f3n publicada en el sitio.\n<\/p>\n<p><span id=\"wpcf7-69f0b1085be86-wrapper\" class=\"wpcf7-form-control-wrap website-wrap\" ><label for=\"wpcf7-69f0b1085be86-field\" class=\"hp-message\">Please leave this field empty.<\/label><input id=\"wpcf7-69f0b1085be86-field\"  class=\"wpcf7-form-control wpcf7-text\" type=\"text\" name=\"website\" value=\"\" size=\"40\" tabindex=\"-1\" autocomplete=\"new-password\" \/><\/span>\n<\/p>\n<div class=\"g-recaptcha\" data-sitekey=\"6Lcia64pAAAAAJi-udvWa30wqqfleFzZiS_Xilph\" data-action=\"login\">\n<\/div>\n<input class=\"wpcf7-form-control wpcf7-hidden\" value=\"https:\/\/www.onlineprocurement.com\/es\/gracias-por-ponerse-en-contacto-con-nosotros\/\" type=\"hidden\" name=\"redirect\" \/>\n<p><input class=\"wpcf7-form-control wpcf7-submit has-spinner\" type=\"submit\" value=\"Enviar\" \/>\n<\/p>\n<p><span style=\"font-size: 11px\">*Campo obligatorio<\/span>\n<\/p><div class=\"fusion-alert alert custom alert-custom fusion-alert-center wpcf7-response-output awb-alert-native-link-color alert-dismissable awb-alert-close-boxed\" style=\"--awb-border-size:1px;--awb-border-top-left-radius:0px;--awb-border-top-right-radius:0px;--awb-border-bottom-left-radius:0px;--awb-border-bottom-right-radius:0px;\" role=\"alert\"><div class=\"fusion-alert-content-wrapper\"><span class=\"fusion-alert-content\"><\/span><\/div><button type=\"button\" class=\"close toggle-alert\" data-dismiss=\"alert\" aria-label=\"Close\">&times;<\/button><\/div>\n<\/form>\n<\/div>\n<\/div><\/div><div class=\"fusion-layout-column fusion_builder_column fusion-builder-column-1 fusion_builder_column_1_3 1_3 fusion-flex-column\" style=\"--awb-padding-top:20px;--awb-padding-right:20px;--awb-padding-left:20px;--awb-overflow:hidden;--awb-bg-color:var(--awb-color3);--awb-bg-color-hover:var(--awb-color3);--awb-bg-size:cover;--awb-border-radius:8px 8px 8px 8px;--awb-width-large:33.333333333333%;--awb-margin-top-large:0px;--awb-spacing-right-large:5.76%;--awb-margin-bottom-large:20px;--awb-spacing-left-large:5.76%;--awb-width-medium:33.333333333333%;--awb-order-medium:0;--awb-spacing-right-medium:5.76%;--awb-spacing-left-medium:5.76%;--awb-width-small:100%;--awb-order-small:0;--awb-spacing-right-small:1.92%;--awb-spacing-left-small:1.92%;\"><div class=\"fusion-column-wrapper fusion-column-has-shadow fusion-flex-justify-content-flex-start fusion-content-layout-column\"><div class=\"fusion-image-element \" style=\"--awb-caption-title-font-family:var(--h2_typography-font-family);--awb-caption-title-font-weight:var(--h2_typography-font-weight);--awb-caption-title-font-style:var(--h2_typography-font-style);--awb-caption-title-size:var(--h2_typography-font-size);--awb-caption-title-transform:var(--h2_typography-text-transform);--awb-caption-title-line-height:var(--h2_typography-line-height);--awb-caption-title-letter-spacing:var(--h2_typography-letter-spacing);\"><span class=\" fusion-imageframe imageframe-none imageframe-1 hover-type-none\"><img decoding=\"async\" width=\"250\" height=\"60\" alt=\"DigitalPA \" title=\"digitalpa-logo\" data-src=\"https:\/\/www.onlineprocurement.com\/wp-content\/uploads\/2024\/05\/digitalpa-logo.webp\" class=\"img-responsive wp-image-12621 lazyload\" data-srcset=\"https:\/\/www.onlineprocurement.com\/wp-content\/uploads\/2024\/05\/digitalpa-logo-200x48.webp 200w, https:\/\/www.onlineprocurement.com\/wp-content\/uploads\/2024\/05\/digitalpa-logo.webp 250w\" data-sizes=\"(max-width: 640px) 100vw, 250px\" src=\"data:image\/svg+xml;base64,PHN2ZyB3aWR0aD0iMSIgaGVpZ2h0PSIxIiB4bWxucz0iaHR0cDovL3d3dy53My5vcmcvMjAwMC9zdmciPjwvc3ZnPg==\" style=\"--smush-placeholder-width: 250px; --smush-placeholder-aspect-ratio: 250\/60;\" \/><\/span><\/div><ul style=\"--awb-margin-top:20px;--awb-margin-bottom:5px;--awb-iconcolor:var(--awb-color4);--awb-line-height:27.2px;--awb-icon-width:27.2px;--awb-icon-height:27.2px;--awb-icon-margin:11.2px;--awb-content-margin:38.4px;\" class=\"fusion-checklist fusion-checklist-1 fusion-checklist-default type-icons\"><li class=\"fusion-li-item\" style=\"\"><span class=\"icon-wrapper circle-no\"><i class=\"fusion-li-icon fa-phone-alt fas\" aria-hidden=\"true\"><\/i><\/span><div class=\"fusion-li-item-content\">\n<p><strong>Tel. ES<\/strong>: +34 911430077<\/p>\n<\/div><\/li><li class=\"fusion-li-item\" style=\"\"><span class=\"icon-wrapper circle-no\"><i class=\"fusion-li-icon fa-phone-alt fas\" aria-hidden=\"true\"><\/i><\/span><div class=\"fusion-li-item-content\">\n<p><strong>Tel.<\/strong>: +39 070 3495386<\/p>\n<\/div><\/li><\/ul><div style=\"width: 100%; font-weight: 600; padding: 0px 4px; display: inline-block;\">\n<div style=\"width: 10%; display: inline-block; color: #eb312c;\">\n<span class=\"fusion-li-icon fa-envelope fas\"><\/span>\n<\/div>\n<div style=\"width: 80%; display: inline-block;\">\n<p class=\"dpa_c\" style=\"margin-bottom: 0px !important;\" data-dom=\"no\" data-content=\"contacts@\" data-subject=\"Solicitud de informaci\u00f3n | Online Procurement\"><span class=\"c_label\"  ><u>\nContacto por correo electr\u00f3nico<\/u><\/span><\/p>\n<\/div>\n<\/div><div class=\"fusion-text fusion-text-2\" style=\"--awb-margin-top:20px;\"><p><strong>Sitio<\/strong>: <a style=\"color: #09173d;\" href=\"http:\/\/www.digitalpa.it\">www.digitalpa.it<\/a><\/p>\n<p><strong>Sede espa\u00f1ola:<\/strong>: Barcellona<\/p>\n<p><strong>Sedes italianas<\/strong>: Cagliari | Sulmona (AQ) | Roma | Milano<\/p>\n<\/div><div class=\"fusion-separator fusion-full-width-sep\" style=\"align-self: center;margin-left: auto;margin-right: auto;margin-top:10px;margin-bottom:10px;width:100%;\"><div class=\"fusion-separator-border sep-single sep-solid\" style=\"--awb-height:20px;--awb-amount:20px;--awb-sep-color:var(--awb-color8);border-color:var(--awb-color8);border-top-width:1px;\"><\/div><\/div><div class=\"fusion-text fusion-text-3\"><p><em>NIF-IVA: 03553050927<\/em><\/p>\n<\/div><\/div><\/div><\/div><\/div>\n","protected":false},"excerpt":{"rendered":"","protected":false},"author":2,"featured_media":2547,"parent":0,"menu_order":0,"comment_status":"closed","ping_status":"closed","template":"100-width.php","meta":{"footnotes":""},"class_list":["post-2122","page","type-page","status-publish","has-post-thumbnail","hentry"],"yoast_head":"<!-- This site is optimized with the Yoast SEO Premium plugin v27.4 (Yoast SEO v27.4) - https:\/\/yoast.com\/product\/yoast-seo-premium-wordpress\/ -->\n<title>Business Contacts | Demostraci\u00f3n del software de e-Procurement<\/title>\n<meta name=\"description\" content=\"P\u00f3ngase en contacto con nuestros especialistas y solicite una demostraci\u00f3n de Online Procurement: descubra c\u00f3mo nuestro software satisface las necesidades de su empresa.\" \/>\n<meta name=\"robots\" content=\"index, follow, max-snippet:-1, max-image-preview:large, max-video-preview:-1\" \/>\n<link rel=\"canonical\" href=\"https:\/\/www.onlineprocurement.com\/es\/contactenos\/\" \/>\n<meta property=\"og:locale\" content=\"es_ES\" \/>\n<meta property=\"og:type\" content=\"article\" \/>\n<meta property=\"og:title\" content=\"Contactos\" \/>\n<meta property=\"og:description\" content=\"P\u00f3ngase en contacto con nuestros especialistas y solicite una demostraci\u00f3n de Online Procurement: descubra c\u00f3mo nuestro software satisface las necesidades de su empresa.\" \/>\n<meta property=\"og:url\" content=\"https:\/\/www.onlineprocurement.com\/es\/contactenos\/\" \/>\n<meta property=\"og:site_name\" content=\"Online Procurement | eProcurement Software Suite\" \/>\n<meta property=\"article:modified_time\" content=\"2024-05-27T13:55:42+00:00\" \/>\n<meta property=\"og:image\" content=\"https:\/\/www.onlineprocurement.com\/wp-content\/uploads\/2021\/04\/foto-torre-blu-1022x1024.jpg\" \/>\n\t<meta property=\"og:image:width\" content=\"1022\" \/>\n\t<meta property=\"og:image:height\" content=\"1024\" \/>\n\t<meta property=\"og:image:type\" content=\"image\/jpeg\" \/>\n<meta name=\"twitter:card\" content=\"summary_large_image\" \/>\n<meta name=\"twitter:label1\" content=\"Tiempo de lectura\" \/>\n\t<meta name=\"twitter:data1\" content=\"2 minutos\" \/>\n<script type=\"application\/ld+json\" class=\"yoast-schema-graph\">{\"@context\":\"https:\\\/\\\/schema.org\",\"@graph\":[{\"@type\":\"WebPage\",\"@id\":\"https:\\\/\\\/www.onlineprocurement.com\\\/es\\\/contactenos\\\/\",\"url\":\"https:\\\/\\\/www.onlineprocurement.com\\\/es\\\/contactenos\\\/\",\"name\":\"Business Contacts | Demostraci\u00f3n del software de e-Procurement\",\"isPartOf\":{\"@id\":\"https:\\\/\\\/www.onlineprocurement.com\\\/#website\"},\"primaryImageOfPage\":{\"@id\":\"https:\\\/\\\/www.onlineprocurement.com\\\/es\\\/contactenos\\\/#primaryimage\"},\"image\":{\"@id\":\"https:\\\/\\\/www.onlineprocurement.com\\\/es\\\/contactenos\\\/#primaryimage\"},\"thumbnailUrl\":\"https:\\\/\\\/www.onlineprocurement.com\\\/wp-content\\\/uploads\\\/2021\\\/04\\\/foto-torre-blu.jpg\",\"datePublished\":\"2015-12-15T07:37:48+00:00\",\"dateModified\":\"2024-05-27T13:55:42+00:00\",\"description\":\"P\u00f3ngase en contacto con nuestros especialistas y solicite una demostraci\u00f3n de Online Procurement: descubra c\u00f3mo nuestro software satisface las necesidades de su empresa.\",\"breadcrumb\":{\"@id\":\"https:\\\/\\\/www.onlineprocurement.com\\\/es\\\/contactenos\\\/#breadcrumb\"},\"inLanguage\":\"es\",\"potentialAction\":[{\"@type\":\"ReadAction\",\"target\":[\"https:\\\/\\\/www.onlineprocurement.com\\\/es\\\/contactenos\\\/\"]}]},{\"@type\":\"ImageObject\",\"inLanguage\":\"es\",\"@id\":\"https:\\\/\\\/www.onlineprocurement.com\\\/es\\\/contactenos\\\/#primaryimage\",\"url\":\"https:\\\/\\\/www.onlineprocurement.com\\\/wp-content\\\/uploads\\\/2021\\\/04\\\/foto-torre-blu.jpg\",\"contentUrl\":\"https:\\\/\\\/www.onlineprocurement.com\\\/wp-content\\\/uploads\\\/2021\\\/04\\\/foto-torre-blu.jpg\",\"width\":2132,\"height\":2136,\"caption\":\"Edificio de la sede de DigitalPA - torre azul de Monreale, Cagliari\"},{\"@type\":\"BreadcrumbList\",\"@id\":\"https:\\\/\\\/www.onlineprocurement.com\\\/es\\\/contactenos\\\/#breadcrumb\",\"itemListElement\":[{\"@type\":\"ListItem\",\"position\":1,\"name\":\"Home\",\"item\":\"https:\\\/\\\/www.onlineprocurement.com\\\/es\\\/\"},{\"@type\":\"ListItem\",\"position\":2,\"name\":\"Contactos\"}]},{\"@type\":\"WebSite\",\"@id\":\"https:\\\/\\\/www.onlineprocurement.com\\\/#website\",\"url\":\"https:\\\/\\\/www.onlineprocurement.com\\\/\",\"name\":\"Online Procurement | eProcurement Software Suite\",\"description\":\"Online Procurement | eProcurement Software Suite\",\"publisher\":{\"@id\":\"https:\\\/\\\/www.onlineprocurement.com\\\/#organization\"},\"potentialAction\":[{\"@type\":\"SearchAction\",\"target\":{\"@type\":\"EntryPoint\",\"urlTemplate\":\"https:\\\/\\\/www.onlineprocurement.com\\\/?s={search_term_string}\"},\"query-input\":{\"@type\":\"PropertyValueSpecification\",\"valueRequired\":true,\"valueName\":\"search_term_string\"}}],\"inLanguage\":\"es\"},{\"@type\":\"Organization\",\"@id\":\"https:\\\/\\\/www.onlineprocurement.com\\\/#organization\",\"name\":\"DigitalPA\",\"url\":\"https:\\\/\\\/www.onlineprocurement.com\\\/\",\"logo\":{\"@type\":\"ImageObject\",\"inLanguage\":\"es\",\"@id\":\"https:\\\/\\\/www.onlineprocurement.com\\\/#\\\/schema\\\/logo\\\/image\\\/\",\"url\":\"https:\\\/\\\/www.onlineprocurement.com\\\/wp-content\\\/uploads\\\/2021\\\/09\\\/logo-digitalpa-d.jpg\",\"contentUrl\":\"https:\\\/\\\/www.onlineprocurement.com\\\/wp-content\\\/uploads\\\/2021\\\/09\\\/logo-digitalpa-d.jpg\",\"width\":200,\"height\":200,\"caption\":\"DigitalPA\"},\"image\":{\"@id\":\"https:\\\/\\\/www.onlineprocurement.com\\\/#\\\/schema\\\/logo\\\/image\\\/\"}}]}<\/script>\n<!-- \/ Yoast SEO Premium plugin. -->","yoast_head_json":{"title":"Business Contacts | Demostraci\u00f3n del software de e-Procurement","description":"P\u00f3ngase en contacto con nuestros especialistas y solicite una demostraci\u00f3n de Online Procurement: descubra c\u00f3mo nuestro software satisface las necesidades de su empresa.","robots":{"index":"index","follow":"follow","max-snippet":"max-snippet:-1","max-image-preview":"max-image-preview:large","max-video-preview":"max-video-preview:-1"},"canonical":"https:\/\/www.onlineprocurement.com\/es\/contactenos\/","og_locale":"es_ES","og_type":"article","og_title":"Contactos","og_description":"P\u00f3ngase en contacto con nuestros especialistas y solicite una demostraci\u00f3n de Online Procurement: descubra c\u00f3mo nuestro software satisface las necesidades de su empresa.","og_url":"https:\/\/www.onlineprocurement.com\/es\/contactenos\/","og_site_name":"Online Procurement | eProcurement Software Suite","article_modified_time":"2024-05-27T13:55:42+00:00","og_image":[{"width":1022,"height":1024,"url":"https:\/\/www.onlineprocurement.com\/wp-content\/uploads\/2021\/04\/foto-torre-blu-1022x1024.jpg","type":"image\/jpeg"}],"twitter_card":"summary_large_image","twitter_misc":{"Tiempo de lectura":"2 minutos"},"schema":{"@context":"https:\/\/schema.org","@graph":[{"@type":"WebPage","@id":"https:\/\/www.onlineprocurement.com\/es\/contactenos\/","url":"https:\/\/www.onlineprocurement.com\/es\/contactenos\/","name":"Business Contacts | Demostraci\u00f3n del software de e-Procurement","isPartOf":{"@id":"https:\/\/www.onlineprocurement.com\/#website"},"primaryImageOfPage":{"@id":"https:\/\/www.onlineprocurement.com\/es\/contactenos\/#primaryimage"},"image":{"@id":"https:\/\/www.onlineprocurement.com\/es\/contactenos\/#primaryimage"},"thumbnailUrl":"https:\/\/www.onlineprocurement.com\/wp-content\/uploads\/2021\/04\/foto-torre-blu.jpg","datePublished":"2015-12-15T07:37:48+00:00","dateModified":"2024-05-27T13:55:42+00:00","description":"P\u00f3ngase en contacto con nuestros especialistas y solicite una demostraci\u00f3n de Online Procurement: descubra c\u00f3mo nuestro software satisface las necesidades de su empresa.","breadcrumb":{"@id":"https:\/\/www.onlineprocurement.com\/es\/contactenos\/#breadcrumb"},"inLanguage":"es","potentialAction":[{"@type":"ReadAction","target":["https:\/\/www.onlineprocurement.com\/es\/contactenos\/"]}]},{"@type":"ImageObject","inLanguage":"es","@id":"https:\/\/www.onlineprocurement.com\/es\/contactenos\/#primaryimage","url":"https:\/\/www.onlineprocurement.com\/wp-content\/uploads\/2021\/04\/foto-torre-blu.jpg","contentUrl":"https:\/\/www.onlineprocurement.com\/wp-content\/uploads\/2021\/04\/foto-torre-blu.jpg","width":2132,"height":2136,"caption":"Edificio de la sede de DigitalPA - torre azul de Monreale, Cagliari"},{"@type":"BreadcrumbList","@id":"https:\/\/www.onlineprocurement.com\/es\/contactenos\/#breadcrumb","itemListElement":[{"@type":"ListItem","position":1,"name":"Home","item":"https:\/\/www.onlineprocurement.com\/es\/"},{"@type":"ListItem","position":2,"name":"Contactos"}]},{"@type":"WebSite","@id":"https:\/\/www.onlineprocurement.com\/#website","url":"https:\/\/www.onlineprocurement.com\/","name":"Online Procurement | eProcurement Software Suite","description":"Online Procurement | eProcurement Software Suite","publisher":{"@id":"https:\/\/www.onlineprocurement.com\/#organization"},"potentialAction":[{"@type":"SearchAction","target":{"@type":"EntryPoint","urlTemplate":"https:\/\/www.onlineprocurement.com\/?s={search_term_string}"},"query-input":{"@type":"PropertyValueSpecification","valueRequired":true,"valueName":"search_term_string"}}],"inLanguage":"es"},{"@type":"Organization","@id":"https:\/\/www.onlineprocurement.com\/#organization","name":"DigitalPA","url":"https:\/\/www.onlineprocurement.com\/","logo":{"@type":"ImageObject","inLanguage":"es","@id":"https:\/\/www.onlineprocurement.com\/#\/schema\/logo\/image\/","url":"https:\/\/www.onlineprocurement.com\/wp-content\/uploads\/2021\/09\/logo-digitalpa-d.jpg","contentUrl":"https:\/\/www.onlineprocurement.com\/wp-content\/uploads\/2021\/09\/logo-digitalpa-d.jpg","width":200,"height":200,"caption":"DigitalPA"},"image":{"@id":"https:\/\/www.onlineprocurement.com\/#\/schema\/logo\/image\/"}}]}},"_links":{"self":[{"href":"https:\/\/www.onlineprocurement.com\/es\/wp-json\/wp\/v2\/pages\/2122","targetHints":{"allow":["GET"]}}],"collection":[{"href":"https:\/\/www.onlineprocurement.com\/es\/wp-json\/wp\/v2\/pages"}],"about":[{"href":"https:\/\/www.onlineprocurement.com\/es\/wp-json\/wp\/v2\/types\/page"}],"author":[{"embeddable":true,"href":"https:\/\/www.onlineprocurement.com\/es\/wp-json\/wp\/v2\/users\/2"}],"replies":[{"embeddable":true,"href":"https:\/\/www.onlineprocurement.com\/es\/wp-json\/wp\/v2\/comments?post=2122"}],"version-history":[{"count":38,"href":"https:\/\/www.onlineprocurement.com\/es\/wp-json\/wp\/v2\/pages\/2122\/revisions"}],"predecessor-version":[{"id":13009,"href":"https:\/\/www.onlineprocurement.com\/es\/wp-json\/wp\/v2\/pages\/2122\/revisions\/13009"}],"wp:featuredmedia":[{"embeddable":true,"href":"https:\/\/www.onlineprocurement.com\/es\/wp-json\/wp\/v2\/media\/2547"}],"wp:attachment":[{"href":"https:\/\/www.onlineprocurement.com\/es\/wp-json\/wp\/v2\/media?parent=2122"}],"curies":[{"name":"wp","href":"https:\/\/api.w.org\/{rel}","templated":true}]}}